{"id":492,"date":"2020-10-26T11:38:49","date_gmt":"2020-10-26T08:38:49","guid":{"rendered":"http:\/\/www.grafas.org\/demo02\/?page_id=492"},"modified":"2023-10-01T18:23:39","modified_gmt":"2023-10-01T16:23:39","slug":"about-2","status":"publish","type":"page","link":"https:\/\/succulentesaddict.com\/index.php\/about-2\/","title":{"rendered":"About"},"content":{"rendered":"<style>\/*! elementor - v3.16.0 - 20-09-2023 *\/\n.elementor-widget-image{text-align:center}.elementor-widget-image a{display:inline-block}.elementor-widget-image a img[src$=\".svg\"]{width:48px}.elementor-widget-image img{vertical-align:middle;display:inline-block}<\/style>\n<p>\t\t\t\t\t\t\t\t\t\t\t\t<img decoding=\"async\" width=\"150\" height=\"150\" src=\"http:\/\/succulentesaddict.com\/wp-content\/uploads\/2023\/09\/Screenshot_20230912_085256_Facebook-e1695745741719-150x150.jpg\" alt=\"\" loading=\"lazy\" srcset=\"https:\/\/succulentesaddict.com\/wp-content\/uploads\/2023\/09\/Screenshot_20230912_085256_Facebook-e1695745741719-150x150.jpg 150w, https:\/\/succulentesaddict.com\/wp-content\/uploads\/2023\/09\/Screenshot_20230912_085256_Facebook-e1695745741719-800x800.jpg 800w, https:\/\/succulentesaddict.com\/wp-content\/uploads\/2023\/09\/Screenshot_20230912_085256_Facebook-e1695745741719-100x100.jpg 100w\" sizes=\"(max-width: 150px) 100vw, 150px\" \/>\t\t\t\t\t\t\t\t\t\t\t\t\t\t\t<\/p>\n<style>\/*! elementor - v3.16.0 - 20-09-2023 *\/\n.elementor-heading-title{padding:0;margin:0;line-height:1}.elementor-widget-heading .elementor-heading-title[class*=elementor-size-]>a{color:inherit;font-size:inherit;line-height:inherit}.elementor-widget-heading .elementor-heading-title.elementor-size-small{font-size:15px}.elementor-widget-heading .elementor-heading-title.elementor-size-medium{font-size:19px}.elementor-widget-heading .elementor-heading-title.elementor-size-large{font-size:29px}.elementor-widget-heading .elementor-heading-title.elementor-size-xl{font-size:39px}.elementor-widget-heading .elementor-heading-title.elementor-size-xxl{font-size:59px}<\/style>\n<h2>Bienvenue sur Succulentes_addict<\/p>\n<p>pour les accrocs des succulentes<\/p>\n<\/h2>\n<div style=\"width: 640px;\" class=\"wp-video\"><!--[if lt IE 9]><script>document.createElement('video');<\/script><![endif]-->\n<video class=\"wp-video-shortcode\" id=\"video-492-1\" width=\"640\" height=\"360\" preload=\"metadata\" controls=\"controls\"><source type=\"video\/mp4\" src=\"http:\/\/succulentesaddict.com\/wp-content\/uploads\/2023\/09\/lv_7281734267887996165_20230927092309.mp4?_=1\" \/><a href=\"http:\/\/succulentesaddict.com\/wp-content\/uploads\/2023\/09\/lv_7281734267887996165_20230927092309.mp4\">http:\/\/succulentesaddict.com\/wp-content\/uploads\/2023\/09\/lv_7281734267887996165_20230927092309.mp4<\/a><\/video><\/div>\n<h2>Pr\u00e9sentation <\/h2>\n<p>Les plantes succulentes, sont des merveilles de la nature qui captivent les amoureux de la botanique et les jardiniers amateurs.<\/p>\n<p>Leur adaptation ing\u00e9nieuse \u00e0 des environnements arides et leurs formes diverses en font les \u00e9l\u00e9ments d\u00e9coratifs pris\u00e9s pour les int\u00e9rieurs et les jardins.<\/p>\n<p>Ces plantes tirent leur nom de leur capacit\u00e9 \u00e0 stocker dans leurs feuilles charnues et \u00e9paisses, leur permettant ainsi de survivre dans des conditions de s\u00e9cheresse. Leurs adaptations uniques leur conf\u00e8re une apparence fascinante, avec&nbsp; des feuilles de formes vari\u00e9es, allant des pointes ac\u00e9r\u00e9es aux courbes douces;<\/p>\n<p>Outre leur esth\u00e9tique attrayante, les plantes grasses offrent \u00e9galement des avantages pratiques. Elles demandent g\u00e9n\u00e9ralement moins d&rsquo;entretien que d&rsquo;autres vari\u00e9t\u00e9s v\u00e9g\u00e9tales, ce qui en fait un choix populaire pour les jardiniers occup\u00e9s ou les personnes ayant peu de temps \u00e0 consacrer au jardinage.<\/p>\n<p>De plus, elles peuvent \u00eatre cultiv\u00e9es dans des pots de taille r\u00e9duite; ce qui les rend parfaites pour les petits espaces, les rebords de fen\u00eatre et m\u00eame les bureaux?<\/p>\n<p>En mati\u00e8re de vari\u00e9t\u00e9 les options sont quasiment infinies. Des sempervivums aux formes g\u00e9om\u00e9triques aux cactus avec leurs aiguilles audacieuses, en passant par les Echeverias&nbsp; aux feuilles en rosette, chaque plante grasse offre une personnalit\u00e9 unique \u00e0 explorer.<\/p>\n<p>Les combinaisons de couleurs allant du vert frais au pourpre profond ajoutent une dimension visuelle captivante \u00e0 n&rsquo;importe quelle place.<\/p>\n<\/p>\n<h2>D\u00e9finition d&rsquo;une Succulente<\/h2>\n<p>Une succulente, appel\u00e9e aussi Malacophyte, est un type de plante adapt\u00e9e pour survivre dans des environnements arides gr\u00e2ce \u00e0 sa capacit\u00e9 \u00e0 stocker l&rsquo;eau dans ses feuilles, tiges ou racines \u00e9paisses.\u00a0Les succulentes ont des\u00a0 tissus charnus qui leur permettent de retenir l&rsquo;humidit\u00e9, ce qui les rend r\u00e9sistants \u00e0 la s\u00e9cheresse. . Il existe plus de 12000 esp\u00e8ces. Les plus connues sont:\u00a0\u00a0\u00a0\u00a0\u00a0\u00a0\u00a0\u00a0\u00a0\u00a0\u00a0\u00a0\u00a0\u00a0\u00a0\u00a0\u00a0\u00a0\u00a0\u00a0\u00a0\u00a0\u00a0\u00a0\u00a0\u00a0\u00a0\u00a0\u00a0\u00a0\u00a0\u00a0\u00a0\u00a0\u00a0\u00a0\u00a0\u00a0\u00a0\u00a0\u00a0 <strong>1.Les Cactus<\/strong> (formes sph\u00e9riques aux grands cierges<strong>) \u00a0\u00a0\u00a0 \u00a0 \u00a0 \u00a0 \u00a0 \u00a0 \u00a0 \u00a0 \u00a0 \u00a0 \u00a0 \u00a0 \u00a0 \u00a0 \u00a0\u00a0<\/strong> <strong>2. Les Echev\u00e9rias<\/strong> (rosettes charnues, couleurs.vibrante)\u00a0\u00a0\u00a0\u00a0\u00a0\u00a0\u00a0\u00a0\u00a0\u00a0\u00a0\u00a0\u00a0\u00a0\u00a0\u00a0\u00a0\u00a0\u00a0\u00a0\u00a0\u00a0\u00a0\u00a0 <strong>3<\/strong>.<strong>Le<\/strong><strong>s Crassula<\/strong> (feuilles \u00e9paisses et brillantes)\u00a0\u00a0\u00a0\u00a0\u00a0\u00a0\u00a0\u00a0\u00a0\u00a0\u00a0\u00a0\u00a0\u00a0\u00a0\u00a0\u00a0\u00a0\u00a0\u00a0\u00a0\u00a0\u00a0\u00a0\u00a0\u00a0\u00a0\u00a0\u00a0\u00a0\u00a0\u00a0\u00a0 <strong>4.Les Alo\u00e9 <\/strong>(feuilles \u00e9paisses, dentel\u00e9es)\u00a0\u00a0\u00a0\u00a0\u00a0\u00a0\u00a0\u00a0\u00a0\u00a0\u00a0\u00a0\u00a0\u00a0\u00a0\u00a0\u00a0\u00a0\u00a0\u00a0\u00a0\u00a0\u00a0\u00a0\u00a0\u00a0\u00a0\u00a0\u00a0\u00a0\u00a0\u00a0 <strong>5.Les Agave<\/strong>\u00a0 (feuilles \u00e9paisses pointues) \u00a0\u00a0\u00a0\u00a0\u00a0\u00a0\u00a0\u00a0\u00a0\u00a0\u00a0\u00a0\u00a0\u00a0\u00a0\u00a0\u00a0\u00a0\u00a0\u00a0\u00a0\u00a0\u00a0\u00a0\u00a0\u00a0\u00a0\u00a0\u00a0\u00a0\u00a0\u00a0\u00a0\u00a0\u00a0\u00a0\u00a0 <strong>6. Les Haworthia<\/strong> (ressemble aux Aloes) \u00a0 \u00a0 \u00a0 \u00a0 \u00a0 \u00a0 \u00a0 \u00a0 \u00a0 \u00a0 \u00a0\u00a0\u00a0\u00a0\u00a0\u00a0\u00a0\u00a0\u00a0\u00a0\u00a0\u00a0\u00a0\u00a0\u00a0\u00a0\u00a0\u00a0 <strong>7<\/strong>.<strong>Les S\u00e9dum<\/strong> (orpins)\u00a0\u00a0\u00a0\u00a0 \u00a0 \u00a0 \u00a0 \u00a0 \u00a0 \u00a0 \u00a0\u00a0 <strong>8.Les Kalanchoes<\/strong> (feuilles charnues et fleurs color\u00e9es en grappes \u00a0\u00a0\u00a0\u00a0\u00a0\u00a0\u00a0\u00a0\u00a0\u00a0 <strong>9. L<\/strong><strong>es Lithops<\/strong> (pierres vivantes) \u00a0\u00a0 <strong>10.Les S\u00e9n\u00e9cio<\/strong> (collier de perles)<\/p>\n<p>\u00a0<\/p>\n<h2>Les atouts d&rsquo;une Succulente<\/h2>\n<p>Pour ne rien g\u00e2cher elles sont dans l\u2019\u00e8re du temps.<\/p>\n<ul>\n<li>durable<\/li>\n<li>peu d\u2019entretien, peu de place (selon l\u201dint\u00e9r\u00eat)<\/li>\n<li>\u00e9cologique (besoin en arrosage, faible)<\/li>\n<li>Belle comme une D\u00e9\u00e8sse<\/li>\n<\/ul>\n<h2>La vertu th\u00e9rapeutique<br \/>des Succulentes<\/h2>\n<p style=\"text-align: center;\">Cultiver des plantes grasses peut-\u00eatre une exp\u00e9rience enrichissante. Leur r\u00e9silience naturelle peut \u00e9galement enseigner la patience et l&rsquo; appr\u00e9ciation pour le rythme tranquille de la croissance.\u00a0\u00a0Dans le Feng Shui, certaines plantes grasses attirent les \u00e9nergies positives et \u00e9vacuent les mauvaises \u00e9nergies. Ainsi on les utilise afin de r\u00e9\u00e9quilibrer les \u00e9nergies. Pour exemple\u00a0 l&rsquo;Alo\u00e9-v\u00e9ra attire la fortune et les Cactus repoussent les mauvaises \u00e9nergies magn\u00e9tiques. De plus des \u00e9tudes de psychologie indique que les couleurs aurait un impact positif sur le cerveau humain. Elle inspire des sentiments de calme, d&rsquo;harmonie, de paix, de s\u00e9r\u00e9nit\u00e9, de propret\u00e9, de sant\u00e9 et d&rsquo;espoir.\u00a0<\/p>\n<p style=\"text-align: center;\">\u00a0<\/p>\n<h2>Les succulentes en d\u00e9coration.<\/h2>\n<p>La plante aux graphisme multiple et \u00e0 la palette de couleur incroyable a cette petite particularit\u00e9 que les autres n&rsquo;ont pas. Intrigante, surprenante, aujourd&rsquo;hui elles int\u00e8grent nos int\u00e9rieurs, comme nos ext\u00e9rieurs et trouvent facilement de la place dans de petits contenants. Que ce soit dans des jardins de rocaille, des terrariums ou des arrangements de pots suspendus, les succulentes offrent une multitude d&rsquo;options cr\u00e9atives pour embellir son environnement. Plus modernes dans des Pots en b\u00e9ton, Jesmonite (pierre de Gypse), r\u00e9sine ou plus classique dans un pot en argile ou c\u00e9ramique.<\/p>\n<p>Elles se m\u00e9langent tr\u00e8s bien avec les mati\u00e8res naturels: bois, pierre, li\u00e8ge.<\/p>\n<p>Les arrangements de succulentes peuvent \u00eatre personnalis\u00e9s en fonction du style et de l&rsquo;ambiance souhait\u00e9s.(look moderne, \u00e9pur\u00e9, ambiance boh\u00eame et d\u00e9contract\u00e9e.<\/p>\n<p>En r\u00e9sum\u00e9, ces plantes succulentes apportent une beaut\u00e9 naturelle et une simplicit\u00e9 rafraichissante \u00e0 la d\u00e9coration int\u00e9rieure comme ext\u00e9rieure.<\/p>\n<p>\u00a0<\/p>\n<p>\u00a0<\/p>\n<p>\t\t\t<a href=\"https:\/\/www.facebook.com\/profile.php?id=100091877955024\"><br \/>\n\t\t\t\t\t\tPage Facebook<br \/>\n\t\t\t\t\t<\/a><br \/>\n\t\t\t<a href=\"https:\/\/www.instagram.com\/succulentes_addict\/\"><br \/>\n\t\t\t\t\t\tPage Instagram<br \/>\n\t\t\t\t\t<\/a><br \/>\n\t\t\t<a href=\"https:\/\/www.etsy.com\/fr\/shop\/Succulentesaddict?ref=profile_header\"><br \/>\n\t\t\t\t\t\tBoutique ETSY<br \/>\n\t\t\t\t\t<\/a><\/p>\n<h2>Notre histoire<\/h2>\n<p style=\"text-align: center;\"><b>\u00a0\u00a0\u00a0 \u00ab\u00a0La nature est \u00e9ternellement jeune, belle et g\u00e9n\u00e9reuse. <\/b><b>Elle poss\u00e8de le secret du bonheur, et nul n&rsquo;a su le lui ravir. <\/b><b>L&rsquo;homme se doit d&rsquo;\u00eatre le gardien de la nature, non son propri\u00e9taire<\/b><\/p>\n<h5>Naissance de Succulentes_addict <\/h5>\n<p style=\"text-align: left;\">Cr\u00e9e en 2023, Succulentes_Addict est une jeune entreprise du Sud de la France passionn\u00e9e par les Succulentes.Amoureux\u00a0 de la beaut\u00e9, l&rsquo;esth\u00e9tisme de la nature,mais aussi la photographie..\u00a0\u00a0\u00a0\u00a0\u00a0\u00a0\u00a0\u00a0 Notre volont\u00e9: partager ce bout d&rsquo;\u00e9motion qui nous procure une minute de bien \u00eatre, procur\u00e9e par une plante, sa forme, sa couleur, sa texture, ce qu&rsquo;elle\u00a0 peut nous \u00e9voquer. \u00a0\u00a0\u00a0\u00a0\u00a0\u00a0\u00a0\u00a0\u00a0\u00a0\u00a0\u00a0\u00a0\u00a0\u00a0\u00a0\u00a0\u00a0\u00a0\u00a0\u00a0\u00a0\u00a0\u00a0 Hypersensible, Hyper\u00e9motive\u00a0 je marche au coup de coeur.\u00a0\u00a0\u00a0\u00a0\u00a0\u00a0\u00a0\u00a0\u00a0\u00a0\u00a0\u00a0\u00a0 Les Succulente poss\u00e8dent \u00e0 la fois cette \u00e9l\u00e9gance du simple et du singulier, de la pudeur et de la diff\u00e9rence.\u00a0\u00a0\u00a0\u00a0\u00a0\u00a0\u00a0\u00a0\u00a0\u00a0\u00a0\u00a0\u00a0\u00a0\u00a0\u00a0\u00a0\u00a0\u00a0\u00a0\u00a0\u00a0\u00a0\u00a0\u00a0\u00a0\u00a0\u00a0\u00a0\u00a0 Voila plusieurs ann\u00e9es, que ces plantes font partis de notre environnement. Leurs diff\u00e9rentes lignes et couleurs nous ont s\u00e9duit, leur entretien est \u00e9galement une science que l&rsquo;on tente de ma\u00eetriser pas \u00e0 pas. Les Succulentes, une v\u00e9ritable Th\u00e9rapie:\u00a0 \u00a0\u00a0\u00a0\u00a0\u00a0\u00a0\u00a0\u00a0\u00a0\u00a0\u00a0\u00a0\u00a0\u00a0\u00a0\u00a0\u00a0\u00a0\u00a0 Quand je m&rsquo;occupes de mes succulentes je suis dans l&rsquo;instant pr\u00e9sent. Ma curiosit\u00e9, mon &lsquo;int\u00e9r\u00eat grandissant pour ces plantes,, je parcours le Web avec l&rsquo;envie in\u00e9puisable de trouver de beaux sujets. . Et puis il y a eu le Pourquoi Pas moi??\u00a0\u00a0\u00a0\u00a0\u00a0\u00a0\u00a0\u00a0\u00a0\u00a0\u00a0\u00a0\u00a0\u00a0\u00a0\u00a0\u00a0\u00a0\u00a0\u00a0\u00a0\u00a0\u00a0\u00a0\u00a0\u00a0\u00a0\u00a0\u00a0\u00a0\u00a0\u00a0\u00a0\u00a0\u00a0 Et si, lors de mon voyage sur la toile, je trouvais des fournisseurs de succulentes, Et si je les proposait \u00e0 la vente aux personnes passionn\u00e9es..Faire de ma passion mon Job.\u00a0 C&rsquo;est ainsi qu&rsquo;est n\u00e9 Succulentes_Addict\u00a0\u00a0 Chaque jour j&rsquo;apprends\u00a0 quelque chose et C&rsquo;est un vrai plaisir&#8230; A bient\u00f4t<\/p>\n<style>\/*! elementor - v3.16.0 - 20-09-2023 *\/\n.elementor-widget-divider{--divider-border-style:none;--divider-border-width:1px;--divider-color:#0c0d0e;--divider-icon-size:20px;--divider-element-spacing:10px;--divider-pattern-height:24px;--divider-pattern-size:20px;--divider-pattern-url:none;--divider-pattern-repeat:repeat-x}.elementor-widget-divider .elementor-divider{display:flex}.elementor-widget-divider .elementor-divider__text{font-size:15px;line-height:1;max-width:95%}.elementor-widget-divider .elementor-divider__element{margin:0 var(--divider-element-spacing);flex-shrink:0}.elementor-widget-divider .elementor-icon{font-size:var(--divider-icon-size)}.elementor-widget-divider .elementor-divider-separator{display:flex;margin:0;direction:ltr}.elementor-widget-divider--view-line_icon .elementor-divider-separator,.elementor-widget-divider--view-line_text .elementor-divider-separator{align-items:center}.elementor-widget-divider--view-line_icon .elementor-divider-separator:after,.elementor-widget-divider--view-line_icon .elementor-divider-separator:before,.elementor-widget-divider--view-line_text .elementor-divider-separator:after,.elementor-widget-divider--view-line_text .elementor-divider-separator:before{display:block;content:\"\";border-bottom:0;flex-grow:1;border-top:var(--divider-border-width) var(--divider-border-style) var(--divider-color)}.elementor-widget-divider--element-align-left .elementor-divider .elementor-divider-separator>.elementor-divider__svg:first-of-type{flex-grow:0;flex-shrink:100}.elementor-widget-divider--element-align-left .elementor-divider-separator:before{content:none}.elementor-widget-divider--element-align-left .elementor-divider__element{margin-left:0}.elementor-widget-divider--element-align-right .elementor-divider .elementor-divider-separator>.elementor-divider__svg:last-of-type{flex-grow:0;flex-shrink:100}.elementor-widget-divider--element-align-right .elementor-divider-separator:after{content:none}.elementor-widget-divider--element-align-right .elementor-divider__element{margin-right:0}.elementor-widget-divider:not(.elementor-widget-divider--view-line_text):not(.elementor-widget-divider--view-line_icon) .elementor-divider-separator{border-top:var(--divider-border-width) var(--divider-border-style) var(--divider-color)}.elementor-widget-divider--separator-type-pattern{--divider-border-style:none}.elementor-widget-divider--separator-type-pattern.elementor-widget-divider--view-line .elementor-divider-separator,.elementor-widget-divider--separator-type-pattern:not(.elementor-widget-divider--view-line) .elementor-divider-separator:after,.elementor-widget-divider--separator-type-pattern:not(.elementor-widget-divider--view-line) .elementor-divider-separator:before,.elementor-widget-divider--separator-type-pattern:not([class*=elementor-widget-divider--view]) .elementor-divider-separator{width:100%;min-height:var(--divider-pattern-height);-webkit-mask-size:var(--divider-pattern-size) 100%;mask-size:var(--divider-pattern-size) 100%;-webkit-mask-repeat:var(--divider-pattern-repeat);mask-repeat:var(--divider-pattern-repeat);background-color:var(--divider-color);-webkit-mask-image:var(--divider-pattern-url);mask-image:var(--divider-pattern-url)}.elementor-widget-divider--no-spacing{--divider-pattern-size:auto}.elementor-widget-divider--bg-round{--divider-pattern-repeat:round}.rtl .elementor-widget-divider .elementor-divider__text{direction:rtl}.e-con-inner>.elementor-widget-divider,.e-con>.elementor-widget-divider{width:var(--container-widget-width,100%);--flex-grow:var(--container-widget-flex-grow)}<\/style>\n<style>\/*! elementor - v3.16.0 - 20-09-2023 *\/\n.elementor-widget-image-carousel .swiper,.elementor-widget-image-carousel .swiper-container{position:static}.elementor-widget-image-carousel .swiper-container .swiper-slide figure,.elementor-widget-image-carousel .swiper .swiper-slide figure{line-height:inherit}.elementor-widget-image-carousel .swiper-slide{text-align:center}.elementor-image-carousel-wrapper:not(.swiper-container-initialized):not(.swiper-initialized) .swiper-slide{max-width:calc(100% \/ var(--e-image-carousel-slides-to-show, 3))}<\/style>\n<figure><img decoding=\"async\" src=\"http:\/\/succulentesaddict.com\/wp-content\/uploads\/2023\/09\/PhotoRoom-20230925_163530-e1695655298501.png\" alt=\"PhotoRoom-20230925_163530\" \/><\/figure>\n<figure><img decoding=\"async\" src=\"http:\/\/succulentesaddict.com\/wp-content\/uploads\/2023\/09\/elements-zen-pour-se-detendre-scaled-e1695654265115.jpg\" alt=\"elements-zen-pour-se-detendre\" \/><\/figure>\n<figure><img decoding=\"async\" src=\"http:\/\/succulentesaddict.com\/wp-content\/uploads\/2023\/09\/PhotoRoom-20230925_1439581-e1695654403198.png\" alt=\"PhotoRoom-20230925_143958(1)\" \/><\/figure>\n<figure><img decoding=\"async\" src=\"http:\/\/succulentesaddict.com\/wp-content\/uploads\/2023\/09\/Screenshot_20230924_092121_Facebook-e1695647472439.jpg\" alt=\"Screenshot_20230924_092121_Facebook\" \/><\/figure>\n<figure><img decoding=\"async\" src=\"http:\/\/succulentesaddict.com\/wp-content\/uploads\/2023\/09\/pomegranate-3383814_1280.jpg\" alt=\"pomegranate-3383814_1280\" \/><\/figure>\n<figure><img decoding=\"async\" src=\"http:\/\/succulentesaddict.com\/wp-content\/uploads\/2023\/09\/pexels-sean-valentine-12879014-scaled-e1695652962944.jpg\" alt=\"pexels-sean-valentine-12879014\" \/><\/figure>\n<figure><img decoding=\"async\" src=\"http:\/\/succulentesaddict.com\/wp-content\/uploads\/2023\/09\/meditation-1281253_1280-e1695653052654.jpg\" alt=\"meditation-1281253_1280\" \/><\/figure>\n<figure><img decoding=\"async\" src=\"http:\/\/succulentesaddict.com\/wp-content\/uploads\/2023\/09\/PhotoRoom-20230924_225011-e1695655589280.png\" alt=\"PhotoRoom-20230924_225011\" \/><\/figure>\n<figure><img decoding=\"async\" src=\"http:\/\/succulentesaddict.com\/wp-content\/uploads\/2023\/09\/life-2048978_1280.jpg\" alt=\"life-2048978_1280\" \/><\/figure>\n<figure><img decoding=\"async\" src=\"http:\/\/succulentesaddict.com\/wp-content\/uploads\/2023\/09\/pexels-dsd-1629326-scaled-e1695655472693.jpg\" alt=\"pexels-dsd-1629326\" \/><\/figure>\n<figure><img decoding=\"async\" src=\"http:\/\/succulentesaddict.com\/wp-content\/uploads\/2023\/09\/cactus-2831639_12801.jpg\" alt=\"cactus-2831639_1280(1)\" \/><\/figure>\n<figure><img decoding=\"async\" src=\"http:\/\/succulentesaddict.com\/wp-content\/uploads\/2023\/09\/palm-tree-366843_1280.jpg\" alt=\"palm-tree-366843_1280\" \/><\/figure>\n<h4>L&rsquo;esprit Succulentes_Addict<\/h4>\n<p>Pour faire partie des Succulentes_Addict, tu dois:<\/p>\n<style>\/*! elementor - v3.16.0 - 20-09-2023 *\/\n.elementor-widget-progress{text-align:left}.elementor-progress-wrapper{position:relative;background-color:#eee;color:#fff;height:100%;border-radius:2px}.elementor-progress-bar{display:flex;background-color:#69727d;width:0;font-size:11px;height:30px;line-height:30px;border-radius:2px;transition:width 1s ease-in-out}.elementor-progress-text{flex-grow:1;white-space:nowrap;text-overflow:ellipsis;overflow:hidden;padding-left:15px}.elementor-progress-percentage{padding-right:15px}.elementor-widget-progress .elementor-progress-wrapper.progress-info .elementor-progress-bar{background-color:#5bc0de}.elementor-widget-progress .elementor-progress-wrapper.progress-success .elementor-progress-bar{background-color:#5cb85c}.elementor-widget-progress .elementor-progress-wrapper.progress-warning .elementor-progress-bar{background-color:#f0ad4e}.elementor-widget-progress .elementor-progress-wrapper.progress-danger .elementor-progress-bar{background-color:#d9534f}.elementor-progress .elementor-title{display:block}@media (max-width:767px){.elementor-progress-text{padding-left:10px}}.e-con-inner .elementor-progress-wrapper,.e-con .elementor-progress-wrapper{height:auto}<\/style>\n<p>\t\t\t\tAimer les Succulentes<br \/>\n\t\t\t\t\t\t\t\t\t100%<\/p>\n<h1>\n\t\t\t\tEtre toi\t\t\t<\/h1>\n<p>\t\t\t\t\t\t\t\t\t100%<br \/>\n\t\t\t\tPartager<br \/>\n\t\t\t\t\t\t\t\t\t100%<br \/>\n\t\t\t\tEtre curieux<br \/>\n\t\t\t\t\t\t\t\t\t100%<br \/>\n\t\t\t\tet toujours \u00eatre respectueux<br \/>\n\t\t\t\t\t\t\t\t\t100%<\/p>\n<style>\/*! elementor - v3.16.0 - 20-09-2023 *\/\n.elementor-counter .elementor-counter-number-wrapper{display:flex;font-size:69px;font-weight:600;line-height:1}.elementor-counter .elementor-counter-number-prefix,.elementor-counter .elementor-counter-number-suffix{flex-grow:1;white-space:pre-wrap}.elementor-counter .elementor-counter-number-prefix{text-align:right}.elementor-counter .elementor-counter-number-suffix{text-align:left}.elementor-counter .elementor-counter-title{text-align:center;font-size:19px;font-weight:400;line-height:2.5}<\/style>\n<p>\t\t\t\t0<br \/>\n\t\t\t\t%<br \/>\n\t\t\t\t\t\t\tSucculentes_Addict<\/p>\n<h4>Notre communaut\u00e9 Succulentes_Addict<\/h4>\n<p>AIME LA NATURE<\/p>\n<p>\t\t\t\t\t\t\t\t\t\t\t\t\t\t\t<img decoding=\"async\" width=\"150\" height=\"150\" src=\"http:\/\/succulentesaddict.com\/wp-content\/uploads\/2023\/09\/HOMME-ET-NATURE-e1695744924410-150x150.jpg\" alt=\"\" loading=\"lazy\" srcset=\"https:\/\/succulentesaddict.com\/wp-content\/uploads\/2023\/09\/HOMME-ET-NATURE-e1695744924410-150x150.jpg 150w, https:\/\/succulentesaddict.com\/wp-content\/uploads\/2023\/09\/HOMME-ET-NATURE-e1695744924410-100x100.jpg 100w\" sizes=\"(max-width: 150px) 100vw, 150px\" \/>\t\t\t\t\t\t\t\t\t\t\t\t\t\t\t<\/p>\n<p>AIME LA PAIX <\/p>\n<p>\t\t\t\t\t\t\t\t\t\t\t\t\t\t\t<img decoding=\"async\" width=\"150\" height=\"150\" src=\"http:\/\/succulentesaddict.com\/wp-content\/uploads\/2023\/09\/non-violence-1158316_1280-150x150.jpg\" alt=\"\" loading=\"lazy\" srcset=\"https:\/\/succulentesaddict.com\/wp-content\/uploads\/2023\/09\/non-violence-1158316_1280-150x150.jpg 150w, https:\/\/succulentesaddict.com\/wp-content\/uploads\/2023\/09\/non-violence-1158316_1280-300x300.jpg 300w, https:\/\/succulentesaddict.com\/wp-content\/uploads\/2023\/09\/non-violence-1158316_1280-1024x1024.jpg 1024w, https:\/\/succulentesaddict.com\/wp-content\/uploads\/2023\/09\/non-violence-1158316_1280-768x767.jpg 768w, https:\/\/succulentesaddict.com\/wp-content\/uploads\/2023\/09\/non-violence-1158316_1280-800x800.jpg 800w, https:\/\/succulentesaddict.com\/wp-content\/uploads\/2023\/09\/non-violence-1158316_1280-700x699.jpg 700w, https:\/\/succulentesaddict.com\/wp-content\/uploads\/2023\/09\/non-violence-1158316_1280-100x100.jpg 100w, https:\/\/succulentesaddict.com\/wp-content\/uploads\/2023\/09\/non-violence-1158316_1280.jpg 1280w\" sizes=\"(max-width: 150px) 100vw, 150px\" \/>\t\t\t\t\t\t\t\t\t\t\t\t\t\t\t<\/p>\n<style>\/*! elementor - v3.16.0 - 20-09-2023 *\/\n.elementor-testimonial-wrapper{overflow:hidden;text-align:center}.elementor-testimonial-wrapper .elementor-testimonial-content{font-size:1.3em;margin-bottom:20px}.elementor-testimonial-wrapper .elementor-testimonial-name{line-height:1.5;display:block}.elementor-testimonial-wrapper .elementor-testimonial-job{font-size:.85em;display:block}.elementor-testimonial-wrapper .elementor-testimonial-meta{width:100%;line-height:1}.elementor-testimonial-wrapper .elementor-testimonial-meta-inner{display:inline-block}.elementor-testimonial-wrapper .elementor-testimonial-meta .elementor-testimonial-details,.elementor-testimonial-wrapper .elementor-testimonial-meta .elementor-testimonial-image{display:table-cell;vertical-align:middle}.elementor-testimonial-wrapper .elementor-testimonial-meta .elementor-testimonial-image img{width:60px;height:60px;border-radius:50%;-o-object-fit:cover;object-fit:cover;max-width:none}.elementor-testimonial-wrapper .elementor-testimonial-meta.elementor-testimonial-image-position-aside .elementor-testimonial-image{padding-right:15px}.elementor-testimonial-wrapper .elementor-testimonial-meta.elementor-testimonial-image-position-aside .elementor-testimonial-details{text-align:left}.elementor-testimonial-wrapper .elementor-testimonial-meta.elementor-testimonial-image-position-top .elementor-testimonial-details,.elementor-testimonial-wrapper .elementor-testimonial-meta.elementor-testimonial-image-position-top .elementor-testimonial-image{display:block}.elementor-testimonial-wrapper .elementor-testimonial-meta.elementor-testimonial-image-position-top .elementor-testimonial-image{margin-bottom:20px}<\/style>\n<p>\t\t\t\t\t\t\tSoyez Succulentes_Addict<br \/>\n\t\t\t\t\t\t\t<img decoding=\"async\" width=\"300\" height=\"300\" src=\"http:\/\/succulentesaddict.com\/wp-content\/uploads\/2023\/06\/10-300x300.png\" alt=\"\" loading=\"lazy\" \/><br \/>\n\t\t\t\t\t\t\t\t\t\t\t\t\t\t\t\t\t\t\t\tPlants Seller<\/p>\n","protected":false},"excerpt":{"rendered":"<p>Bienvenue sur Succulentes_addict pour les accrocs des succulentes http:\/\/succulentesaddict.com\/wp-content\/uploads\/2023\/09\/lv_7281734267887996165_20230927092309.mp4 Pr\u00e9sentation Les plantes succulentes, sont des merveilles de la nature qui captivent les amoureux de la botanique et les jardiniers amateurs. Leur adaptation ing\u00e9nieuse \u00e0 des environnements arides et leurs formes diverses en font les \u00e9l\u00e9ments d\u00e9coratifs pris\u00e9s pour les int\u00e9rieurs et les jardins. Ces plantes&#8230;<\/p>\n","protected":false},"author":1,"featured_media":0,"parent":0,"menu_order":0,"comment_status":"closed","ping_status":"closed","template":"","meta":{"_kad_post_transparent":"","_kad_post_title":"hide","_kad_post_layout":"fullwidth","_kad_post_sidebar_id":"","_kad_post_content_style":"unboxed","_kad_post_vertical_padding":"hide","_kad_post_feature":"hide","_kad_post_feature_position":"","_kad_post_header":false,"_kad_post_footer":false,"footnotes":""},"_links":{"self":[{"href":"https:\/\/succulentesaddict.com\/index.php\/wp-json\/wp\/v2\/pages\/492"}],"collection":[{"href":"https:\/\/succulentesaddict.com\/index.php\/wp-json\/wp\/v2\/pages"}],"about":[{"href":"https:\/\/succulentesaddict.com\/index.php\/wp-json\/wp\/v2\/types\/page"}],"author":[{"embeddable":true,"href":"https:\/\/succulentesaddict.com\/index.php\/wp-json\/wp\/v2\/users\/1"}],"replies":[{"embeddable":true,"href":"https:\/\/succulentesaddict.com\/index.php\/wp-json\/wp\/v2\/comments?post=492"}],"version-history":[{"count":253,"href":"https:\/\/succulentesaddict.com\/index.php\/wp-json\/wp\/v2\/pages\/492\/revisions"}],"predecessor-version":[{"id":3262,"href":"https:\/\/succulentesaddict.com\/index.php\/wp-json\/wp\/v2\/pages\/492\/revisions\/3262"}],"wp:attachment":[{"href":"https:\/\/succulentesaddict.com\/index.php\/wp-json\/wp\/v2\/media?parent=492"}],"curies":[{"name":"wp","href":"https:\/\/api.w.org\/{rel}","templated":true}]}}